{"id":1318,"date":"2021-11-21T15:12:46","date_gmt":"2021-11-21T15:12:46","guid":{"rendered":"https:\/\/gt-artmetal.com\/index.php\/home\/"},"modified":"2023-12-12T13:29:06","modified_gmt":"2023-12-12T12:29:06","slug":"ferronnerie-d-art","status":"publish","type":"page","link":"https:\/\/gt-artmetal.com\/","title":{"rendered":"Accueil"},"content":{"rendered":"\t\t<div data-elementor-type=\"wp-page\" data-elementor-id=\"1318\" class=\"elementor elementor-1318\">\n\t\t\t\t\t\t<section class=\"elementor-section elementor-top-section elementor-element elementor-element-ca7541c elementor-section-height-min-height elementor-section-boxed elementor-section-height-default elementor-section-items-middle\" data-id=\"ca7541c\" data-element_type=\"section\" data-settings=\"{&quot;background_background&quot;:&quot;classic&quot;}\">\n\t\t\t\t\t\t\t<div class=\"elementor-background-overlay\"><\/div>\n\t\t\t\t\t\t\t<div class=\"elementor-container elementor-column-gap-default\">\n\t\t\t\t\t<div class=\"elementor-column elementor-col-100 elementor-top-column elementor-element elementor-element-be10890\" data-id=\"be10890\" data-element_type=\"column\">\n\t\t\t<div class=\"elementor-widget-wrap elementor-element-populated\">\n\t\t\t\t\t\t<div class=\"elementor-element elementor-element-0708f7f taille-h1-accueil  elementor-widget elementor-widget-heading\" data-id=\"0708f7f\" data-element_type=\"widget\" data-widget_type=\"heading.default\">\n\t\t\t\t<div class=\"elementor-widget-container\">\n\t\t\t\t\t<h1 class=\"elementor-heading-title elementor-size-default\">Ferronnerie <br>\nd'art<\/h1>\t\t\t\t<\/div>\n\t\t\t\t<\/div>\n\t\t\t\t<div class=\"elementor-element elementor-element-ffe4386 elementor-widget elementor-widget-text-editor\" data-id=\"ffe4386\" data-element_type=\"widget\" data-widget_type=\"text-editor.default\">\n\t\t\t\t<div class=\"elementor-widget-container\">\n\t\t\t\t\t\t\t\t\t<p><em>\u201cL&rsquo;art de sublimer la mati\u00e8re\u201d<\/em><\/p>\t\t\t\t\t\t\t\t<\/div>\n\t\t\t\t<\/div>\n\t\t\t\t<div class=\"elementor-element elementor-element-b78c0f0 elementor-align-center elementor-widget elementor-widget-button\" data-id=\"b78c0f0\" data-element_type=\"widget\" data-widget_type=\"button.default\">\n\t\t\t\t<div class=\"elementor-widget-container\">\n\t\t\t\t\t\t\t\t\t<div class=\"elementor-button-wrapper\">\n\t\t\t\t\t<a class=\"elementor-button elementor-button-link elementor-size-sm\" href=\"https:\/\/gt-artmetal.com\/index.php\/contact\/\">\n\t\t\t\t\t\t<span class=\"elementor-button-content-wrapper\">\n\t\t\t\t\t\t\t\t\t<span class=\"elementor-button-text\">Contactez-moi<\/span>\n\t\t\t\t\t<\/span>\n\t\t\t\t\t<\/a>\n\t\t\t\t<\/div>\n\t\t\t\t\t\t\t\t<\/div>\n\t\t\t\t<\/div>\n\t\t\t\t\t<\/div>\n\t\t<\/div>\n\t\t\t\t\t<\/div>\n\t\t<\/section>\n\t\t\t\t<section class=\"elementor-section elementor-top-section elementor-element elementor-element-7701125 elementor-section-boxed elementor-section-height-default elementor-section-height-default\" data-id=\"7701125\" data-element_type=\"section\">\n\t\t\t\t\t\t<div class=\"elementor-container elementor-column-gap-default\">\n\t\t\t\t\t<div class=\"elementor-column elementor-col-100 elementor-top-column elementor-element elementor-element-9ad04ba\" data-id=\"9ad04ba\" data-element_type=\"column\">\n\t\t\t<div class=\"elementor-widget-wrap elementor-element-populated\">\n\t\t\t\t\t\t<div class=\"elementor-element elementor-element-13ae7bf elementor-widget elementor-widget-heading\" data-id=\"13ae7bf\" data-element_type=\"widget\" data-widget_type=\"heading.default\">\n\t\t\t\t<div class=\"elementor-widget-container\">\n\t\t\t\t\t<h2 class=\"elementor-heading-title elementor-size-default\">Mes services<\/h2>\t\t\t\t<\/div>\n\t\t\t\t<\/div>\n\t\t\t\t<div class=\"elementor-element elementor-element-9c7221f elementor-widget-divider--view-line elementor-widget elementor-widget-divider\" data-id=\"9c7221f\" data-element_type=\"widget\" data-widget_type=\"divider.default\">\n\t\t\t\t<div class=\"elementor-widget-container\">\n\t\t\t\t\t\t\t<div class=\"elementor-divider\">\n\t\t\t<span class=\"elementor-divider-separator\">\n\t\t\t\t\t\t<\/span>\n\t\t<\/div>\n\t\t\t\t\t\t<\/div>\n\t\t\t\t<\/div>\n\t\t\t\t<section class=\"elementor-section elementor-inner-section elementor-element elementor-element-ef970f2 elementor-section-full_width elementor-section-height-default elementor-section-height-default\" data-id=\"ef970f2\" data-element_type=\"section\">\n\t\t\t\t\t\t<div class=\"elementor-container elementor-column-gap-default\">\n\t\t\t\t\t<div class=\"elementor-column elementor-col-50 elementor-inner-column elementor-element elementor-element-fd27b31\" data-id=\"fd27b31\" data-element_type=\"column\">\n\t\t\t<div class=\"elementor-widget-wrap elementor-element-populated\">\n\t\t\t\t\t\t<div class=\"elementor-element elementor-element-54a2f8d elementor-widget elementor-widget-image-box\" data-id=\"54a2f8d\" data-element_type=\"widget\" data-widget_type=\"image-box.default\">\n\t\t\t\t<div class=\"elementor-widget-container\">\n\t\t\t\t\t<div class=\"elementor-image-box-wrapper\"><div class=\"elementor-image-box-content\"><h3 class=\"elementor-image-box-title\">Ferronnerie d'art<\/h3><p class=\"elementor-image-box-description\">Avec des cr\u00e9ations personnalis\u00e9es <br> et des pi\u00e8ces uniques, chaque r\u00e9alisation raconte une histoire visuelle intemporelle.<\/p><\/div><\/div>\t\t\t\t<\/div>\n\t\t\t\t<\/div>\n\t\t\t\t\t<\/div>\n\t\t<\/div>\n\t\t\t\t<div class=\"elementor-column elementor-col-50 elementor-inner-column elementor-element elementor-element-e6971ee\" data-id=\"e6971ee\" data-element_type=\"column\">\n\t\t\t<div class=\"elementor-widget-wrap elementor-element-populated\">\n\t\t\t\t\t\t<div class=\"elementor-element elementor-element-f07647b elementor-widget elementor-widget-image-box\" data-id=\"f07647b\" data-element_type=\"widget\" data-widget_type=\"image-box.default\">\n\t\t\t\t<div class=\"elementor-widget-container\">\n\t\t\t\t\t<div class=\"elementor-image-box-wrapper\"><div class=\"elementor-image-box-content\"><h3 class=\"elementor-image-box-title\">Petite ferronnerie<\/h3><p class=\"elementor-image-box-description\">Cr\u00e9er et redonner vie aux objets m\u00e9talliques, des portails aux rampes, marquises et plus encore. D\u00e9couvrez l'alliance de l'art et de la restauration.<\/p><\/div><\/div>\t\t\t\t<\/div>\n\t\t\t\t<\/div>\n\t\t\t\t\t<\/div>\n\t\t<\/div>\n\t\t\t\t\t<\/div>\n\t\t<\/section>\n\t\t\t\t\t<\/div>\n\t\t<\/div>\n\t\t\t\t\t<\/div>\n\t\t<\/section>\n\t\t\t\t<section class=\"elementor-section elementor-top-section elementor-element elementor-element-2d8ba58 elementor-section-boxed elementor-section-height-default elementor-section-height-default\" data-id=\"2d8ba58\" data-element_type=\"section\" data-settings=\"{&quot;background_background&quot;:&quot;classic&quot;}\">\n\t\t\t\t\t\t<div class=\"elementor-container elementor-column-gap-default\">\n\t\t\t\t\t<div class=\"elementor-column elementor-col-33 elementor-top-column elementor-element elementor-element-94a6090\" data-id=\"94a6090\" data-element_type=\"column\">\n\t\t\t<div class=\"elementor-widget-wrap\">\n\t\t\t\t\t\t\t<\/div>\n\t\t<\/div>\n\t\t\t\t<div class=\"elementor-column elementor-col-33 elementor-top-column elementor-element elementor-element-ba33ca0\" data-id=\"ba33ca0\" data-element_type=\"column\">\n\t\t\t<div class=\"elementor-widget-wrap elementor-element-populated\">\n\t\t\t\t\t\t<div class=\"elementor-element elementor-element-f914229 elementor-widget elementor-widget-image\" data-id=\"f914229\" data-element_type=\"widget\" data-widget_type=\"image.default\">\n\t\t\t\t<div class=\"elementor-widget-container\">\n\t\t\t\t\t\t\t\t\t\t\t\t\t\t\t<img decoding=\"async\" src=\"https:\/\/gt-artmetal.com\/wp-content\/uploads\/2021\/11\/quotes.svg\" class=\"attachment-full size-full wp-image-117\" alt=\"\" \/>\t\t\t\t\t\t\t\t\t\t\t\t\t\t\t<\/div>\n\t\t\t\t<\/div>\n\t\t\t\t<div class=\"elementor-element elementor-element-d278a40 elementor-widget elementor-widget-heading\" data-id=\"d278a40\" data-element_type=\"widget\" data-widget_type=\"heading.default\">\n\t\t\t\t<div class=\"elementor-widget-container\">\n\t\t\t\t\t<h4 class=\"elementor-heading-title elementor-size-default\">\u201cDans l'atelier de la cr\u00e9ativit\u00e9, le fer devient toile et le marteau pinceau, o\u00f9 chaque pi\u00e8ce sculpt\u00e9e r\u00e9v\u00e8le l'\u00e9loquence silencieuse de l'art du m\u00e9tal.\u201d<\/h4>\t\t\t\t<\/div>\n\t\t\t\t<\/div>\n\t\t\t\t\t<\/div>\n\t\t<\/div>\n\t\t\t\t<div class=\"elementor-column elementor-col-33 elementor-top-column elementor-element elementor-element-9a0a136\" data-id=\"9a0a136\" data-element_type=\"column\">\n\t\t\t<div class=\"elementor-widget-wrap\">\n\t\t\t\t\t\t\t<\/div>\n\t\t<\/div>\n\t\t\t\t\t<\/div>\n\t\t<\/section>\n\t\t\t\t<section class=\"elementor-section elementor-top-section elementor-element elementor-element-f97113c elementor-section-boxed elementor-section-height-default elementor-section-height-default\" data-id=\"f97113c\" data-element_type=\"section\">\n\t\t\t\t\t\t<div class=\"elementor-container elementor-column-gap-default\">\n\t\t\t\t\t<div class=\"elementor-column elementor-col-100 elementor-top-column elementor-element elementor-element-e8d4528\" data-id=\"e8d4528\" data-element_type=\"column\">\n\t\t\t<div class=\"elementor-widget-wrap elementor-element-populated\">\n\t\t\t\t\t\t<div class=\"elementor-element elementor-element-8814ef3 elementor-widget elementor-widget-heading\" data-id=\"8814ef3\" data-element_type=\"widget\" data-widget_type=\"heading.default\">\n\t\t\t\t<div class=\"elementor-widget-container\">\n\t\t\t\t\t<h2 class=\"elementor-heading-title elementor-size-default\">Contactez-moi<\/h2>\t\t\t\t<\/div>\n\t\t\t\t<\/div>\n\t\t\t\t<div class=\"elementor-element elementor-element-2821a69 elementor-widget-divider--view-line elementor-widget elementor-widget-divider\" data-id=\"2821a69\" data-element_type=\"widget\" data-widget_type=\"divider.default\">\n\t\t\t\t<div class=\"elementor-widget-container\">\n\t\t\t\t\t\t\t<div class=\"elementor-divider\">\n\t\t\t<span class=\"elementor-divider-separator\">\n\t\t\t\t\t\t<\/span>\n\t\t<\/div>\n\t\t\t\t\t\t<\/div>\n\t\t\t\t<\/div>\n\t\t\t\t<section class=\"elementor-section elementor-inner-section elementor-element elementor-element-aca78c1 elementor-section-full_width elementor-section-height-default elementor-section-height-default\" data-id=\"aca78c1\" data-element_type=\"section\">\n\t\t\t\t\t\t<div class=\"elementor-container elementor-column-gap-default\">\n\t\t\t\t\t<div class=\"elementor-column elementor-col-50 elementor-inner-column elementor-element elementor-element-4ef35f9\" data-id=\"4ef35f9\" data-element_type=\"column\">\n\t\t\t<div class=\"elementor-widget-wrap elementor-element-populated\">\n\t\t\t\t\t\t<div class=\"elementor-element elementor-element-aada469 elementor-widget elementor-widget-image-box\" data-id=\"aada469\" data-element_type=\"widget\" data-widget_type=\"image-box.default\">\n\t\t\t\t<div class=\"elementor-widget-container\">\n\t\t\t\t\t<div class=\"elementor-image-box-wrapper\"><div class=\"elementor-image-box-content\"><h3 class=\"elementor-image-box-title\">T\u00e9l\u00e9phone<\/h3><p class=\"elementor-image-box-description\">07 50 31 70 61<\/p><\/div><\/div>\t\t\t\t<\/div>\n\t\t\t\t<\/div>\n\t\t\t\t\t<\/div>\n\t\t<\/div>\n\t\t\t\t<div class=\"elementor-column elementor-col-50 elementor-inner-column elementor-element elementor-element-c6c07e4\" data-id=\"c6c07e4\" data-element_type=\"column\">\n\t\t\t<div class=\"elementor-widget-wrap elementor-element-populated\">\n\t\t\t\t\t\t<div class=\"elementor-element elementor-element-5ee68a6 elementor-widget elementor-widget-image-box\" data-id=\"5ee68a6\" data-element_type=\"widget\" data-widget_type=\"image-box.default\">\n\t\t\t\t<div class=\"elementor-widget-container\">\n\t\t\t\t\t<div class=\"elementor-image-box-wrapper\"><div class=\"elementor-image-box-content\"><h3 class=\"elementor-image-box-title\">Adresse mail<\/h3><p class=\"elementor-image-box-description\">gt.gaeltrehand@gmail.com<\/p><\/div><\/div>\t\t\t\t<\/div>\n\t\t\t\t<\/div>\n\t\t\t\t\t<\/div>\n\t\t<\/div>\n\t\t\t\t\t<\/div>\n\t\t<\/section>\n\t\t\t\t\t<\/div>\n\t\t<\/div>\n\t\t\t\t\t<\/div>\n\t\t<\/section>\n\t\t\t\t<\/div>\n\t\t","protected":false},"excerpt":{"rendered":"<p>Ferronnerie d&rsquo;art \u201cL&rsquo;art de sublimer la mati\u00e8re\u201d Contactez-moi Mes services Ferronnerie d&rsquo;art Avec des cr\u00e9ations personnalis\u00e9es et des pi\u00e8ces uniques, chaque r\u00e9alisation raconte une histoire visuelle intemporelle. Petite ferronnerie Cr\u00e9er et redonner vie aux objets m\u00e9talliques, des portails aux rampes, marquises et plus encore. D\u00e9couvrez l&rsquo;alliance de l&rsquo;art et de la restauration. \u201cDans l&rsquo;atelier de [&hellip;]<\/p>\n","protected":false},"author":1,"featured_media":0,"parent":0,"menu_order":0,"comment_status":"closed","ping_status":"closed","template":"","meta":{"site-sidebar-layout":"no-sidebar","site-content-layout":"page-builder","ast-site-content-layout":"full-width-container","site-content-style":"unboxed","site-sidebar-style":"unboxed","ast-global-header-display":"","ast-banner-title-visibility":"","ast-main-header-display":"","ast-hfb-above-header-display":"","ast-hfb-below-header-display":"","ast-hfb-mobile-header-display":"","site-post-title":"disabled","ast-breadcrumbs-content":"","ast-featured-img":"disabled","footer-sml-layout":"","theme-transparent-header-meta":"enabled","adv-header-id-meta":"","stick-header-meta":"","header-above-stick-meta":"","header-main-stick-meta":"","header-below-stick-meta":"","astra-migrate-meta-layouts":"set","ast-page-background-enabled":"default","ast-page-background-meta":{"desktop":{"background-color":"var(--ast-global-color-4)","background-image":"","background-repeat":"repeat","background-position":"center center","background-size":"auto","background-attachment":"scroll","background-type":"","background-media":"","overlay-type":"","overlay-color":"","overlay-gradient":""},"tablet":{"background-color":"","background-image":"","background-repeat":"repeat","background-position":"center center","background-size":"auto","background-attachment":"scroll","background-type":"","background-media":"","overlay-type":"","overlay-color":"","overlay-gradient":""},"mobile":{"background-color":"","background-image":"","background-repeat":"repeat","background-position":"center center","background-size":"auto","background-attachment":"scroll","background-type":"","background-media":"","overlay-type":"","overlay-color":"","overlay-gradient":""}},"ast-content-background-meta":{"desktop":{"background-color":"var(--ast-global-color-5)","background-image":"","background-repeat":"repeat","background-position":"center center","background-size":"auto","background-attachment":"scroll","background-type":"","background-media":"","overlay-type":"","overlay-color":"","overlay-gradient":""},"tablet":{"background-color":"var(--ast-global-color-5)","background-image":"","background-repeat":"repeat","background-position":"center center","background-size":"auto","background-attachment":"scroll","background-type":"","background-media":"","overlay-type":"","overlay-color":"","overlay-gradient":""},"mobile":{"background-color":"var(--ast-global-color-5)","background-image":"","background-repeat":"repeat","background-position":"center center","background-size":"auto","background-attachment":"scroll","background-type":"","background-media":"","overlay-type":"","overlay-color":"","overlay-gradient":""}},"footnotes":""},"class_list":["post-1318","page","type-page","status-publish","hentry"],"yoast_head":"<!-- This site is optimized with the Yoast SEO plugin v24.8.1 - https:\/\/yoast.com\/wordpress\/plugins\/seo\/ -->\n<title>Ferronnerie d&#039;art : Vers Belfort en franche-cont\u00e9<\/title>\n<meta name=\"description\" content=\"Explorez l&#039;univers authentique de la ferronnerie d&#039;art. Entre cr\u00e9ation et restauration m\u00e9tallique. Forg\u00e9es par la passion artisanale.\" \/>\n<meta name=\"robots\" content=\"index, follow, max-snippet:-1, max-image-preview:large, max-video-preview:-1\" \/>\n<link rel=\"canonical\" href=\"https:\/\/gt-artmetal.com\/\" \/>\n<meta property=\"og:locale\" content=\"fr_FR\" \/>\n<meta property=\"og:type\" content=\"article\" \/>\n<meta property=\"og:title\" content=\"Ferronnerie d&#039;art : Vers Belfort en franche-cont\u00e9\" \/>\n<meta property=\"og:description\" content=\"Explorez l&#039;univers authentique de la ferronnerie d&#039;art. Entre cr\u00e9ation et restauration m\u00e9tallique. Forg\u00e9es par la passion artisanale.\" \/>\n<meta property=\"og:url\" content=\"https:\/\/gt-artmetal.com\/\" \/>\n<meta property=\"og:site_name\" content=\"GT ferronnerie d&#039;art\" \/>\n<meta property=\"article:modified_time\" content=\"2023-12-12T12:29:06+00:00\" \/>\n<meta property=\"og:image\" content=\"https:\/\/gt-artmetal.com\/wp-content\/uploads\/2021\/11\/quotes.svg\" \/>\n<meta name=\"twitter:card\" content=\"summary_large_image\" \/>\n<meta name=\"twitter:label1\" content=\"Dur\u00e9e de lecture estim\u00e9e\" \/>\n\t<meta name=\"twitter:data1\" content=\"1 minute\" \/>\n<script type=\"application\/ld+json\" class=\"yoast-schema-graph\">{\"@context\":\"https:\/\/schema.org\",\"@graph\":[{\"@type\":\"WebPage\",\"@id\":\"https:\/\/gt-artmetal.com\/\",\"url\":\"https:\/\/gt-artmetal.com\/\",\"name\":\"Ferronnerie d'art : Vers Belfort en franche-cont\u00e9\",\"isPartOf\":{\"@id\":\"https:\/\/gt-artmetal.com\/#website\"},\"primaryImageOfPage\":{\"@id\":\"https:\/\/gt-artmetal.com\/#primaryimage\"},\"image\":{\"@id\":\"https:\/\/gt-artmetal.com\/#primaryimage\"},\"thumbnailUrl\":\"https:\/\/gt-artmetal.com\/wp-content\/uploads\/2021\/11\/quotes.svg\",\"datePublished\":\"2021-11-21T15:12:46+00:00\",\"dateModified\":\"2023-12-12T12:29:06+00:00\",\"description\":\"Explorez l'univers authentique de la ferronnerie d'art. Entre cr\u00e9ation et restauration m\u00e9tallique. Forg\u00e9es par la passion artisanale.\",\"breadcrumb\":{\"@id\":\"https:\/\/gt-artmetal.com\/#breadcrumb\"},\"inLanguage\":\"fr-FR\",\"potentialAction\":[{\"@type\":\"ReadAction\",\"target\":[\"https:\/\/gt-artmetal.com\/\"]}]},{\"@type\":\"ImageObject\",\"inLanguage\":\"fr-FR\",\"@id\":\"https:\/\/gt-artmetal.com\/#primaryimage\",\"url\":\"https:\/\/gt-artmetal.com\/wp-content\/uploads\/2021\/11\/quotes.svg\",\"contentUrl\":\"https:\/\/gt-artmetal.com\/wp-content\/uploads\/2021\/11\/quotes.svg\"},{\"@type\":\"BreadcrumbList\",\"@id\":\"https:\/\/gt-artmetal.com\/#breadcrumb\",\"itemListElement\":[{\"@type\":\"ListItem\",\"position\":1,\"name\":\"Accueil\",\"item\":\"https:\/\/gt-artmetal.com\/\"},{\"@type\":\"ListItem\",\"position\":2,\"name\":\"Accueil\"}]},{\"@type\":\"WebSite\",\"@id\":\"https:\/\/gt-artmetal.com\/#website\",\"url\":\"https:\/\/gt-artmetal.com\/\",\"name\":\"GT ferronnerie d'art\",\"description\":\"\",\"publisher\":{\"@id\":\"https:\/\/gt-artmetal.com\/#organization\"},\"potentialAction\":[{\"@type\":\"SearchAction\",\"target\":{\"@type\":\"EntryPoint\",\"urlTemplate\":\"https:\/\/gt-artmetal.com\/?s={search_term_string}\"},\"query-input\":{\"@type\":\"PropertyValueSpecification\",\"valueRequired\":true,\"valueName\":\"search_term_string\"}}],\"inLanguage\":\"fr-FR\"},{\"@type\":\"Organization\",\"@id\":\"https:\/\/gt-artmetal.com\/#organization\",\"name\":\"Gael trehand\",\"url\":\"https:\/\/gt-artmetal.com\/\",\"logo\":{\"@type\":\"ImageObject\",\"inLanguage\":\"fr-FR\",\"@id\":\"https:\/\/gt-artmetal.com\/#\/schema\/logo\/image\/\",\"url\":\"https:\/\/gt-artmetal.com\/wp-content\/uploads\/2023\/11\/Gael-2-Copie.png\",\"contentUrl\":\"https:\/\/gt-artmetal.com\/wp-content\/uploads\/2023\/11\/Gael-2-Copie.png\",\"width\":307,\"height\":224,\"caption\":\"Gael trehand\"},\"image\":{\"@id\":\"https:\/\/gt-artmetal.com\/#\/schema\/logo\/image\/\"}}]}<\/script>\n<!-- \/ Yoast SEO plugin. -->","yoast_head_json":{"title":"Ferronnerie d'art : Vers Belfort en franche-cont\u00e9","description":"Explorez l'univers authentique de la ferronnerie d'art. Entre cr\u00e9ation et restauration m\u00e9tallique. Forg\u00e9es par la passion artisanale.","robots":{"index":"index","follow":"follow","max-snippet":"max-snippet:-1","max-image-preview":"max-image-preview:large","max-video-preview":"max-video-preview:-1"},"canonical":"https:\/\/gt-artmetal.com\/","og_locale":"fr_FR","og_type":"article","og_title":"Ferronnerie d'art : Vers Belfort en franche-cont\u00e9","og_description":"Explorez l'univers authentique de la ferronnerie d'art. Entre cr\u00e9ation et restauration m\u00e9tallique. Forg\u00e9es par la passion artisanale.","og_url":"https:\/\/gt-artmetal.com\/","og_site_name":"GT ferronnerie d&#039;art","article_modified_time":"2023-12-12T12:29:06+00:00","og_image":[{"url":"https:\/\/gt-artmetal.com\/wp-content\/uploads\/2021\/11\/quotes.svg","type":"","width":"","height":""}],"twitter_card":"summary_large_image","twitter_misc":{"Dur\u00e9e de lecture estim\u00e9e":"1 minute"},"schema":{"@context":"https:\/\/schema.org","@graph":[{"@type":"WebPage","@id":"https:\/\/gt-artmetal.com\/","url":"https:\/\/gt-artmetal.com\/","name":"Ferronnerie d'art : Vers Belfort en franche-cont\u00e9","isPartOf":{"@id":"https:\/\/gt-artmetal.com\/#website"},"primaryImageOfPage":{"@id":"https:\/\/gt-artmetal.com\/#primaryimage"},"image":{"@id":"https:\/\/gt-artmetal.com\/#primaryimage"},"thumbnailUrl":"https:\/\/gt-artmetal.com\/wp-content\/uploads\/2021\/11\/quotes.svg","datePublished":"2021-11-21T15:12:46+00:00","dateModified":"2023-12-12T12:29:06+00:00","description":"Explorez l'univers authentique de la ferronnerie d'art. Entre cr\u00e9ation et restauration m\u00e9tallique. Forg\u00e9es par la passion artisanale.","breadcrumb":{"@id":"https:\/\/gt-artmetal.com\/#breadcrumb"},"inLanguage":"fr-FR","potentialAction":[{"@type":"ReadAction","target":["https:\/\/gt-artmetal.com\/"]}]},{"@type":"ImageObject","inLanguage":"fr-FR","@id":"https:\/\/gt-artmetal.com\/#primaryimage","url":"https:\/\/gt-artmetal.com\/wp-content\/uploads\/2021\/11\/quotes.svg","contentUrl":"https:\/\/gt-artmetal.com\/wp-content\/uploads\/2021\/11\/quotes.svg"},{"@type":"BreadcrumbList","@id":"https:\/\/gt-artmetal.com\/#breadcrumb","itemListElement":[{"@type":"ListItem","position":1,"name":"Accueil","item":"https:\/\/gt-artmetal.com\/"},{"@type":"ListItem","position":2,"name":"Accueil"}]},{"@type":"WebSite","@id":"https:\/\/gt-artmetal.com\/#website","url":"https:\/\/gt-artmetal.com\/","name":"GT ferronnerie d'art","description":"","publisher":{"@id":"https:\/\/gt-artmetal.com\/#organization"},"potentialAction":[{"@type":"SearchAction","target":{"@type":"EntryPoint","urlTemplate":"https:\/\/gt-artmetal.com\/?s={search_term_string}"},"query-input":{"@type":"PropertyValueSpecification","valueRequired":true,"valueName":"search_term_string"}}],"inLanguage":"fr-FR"},{"@type":"Organization","@id":"https:\/\/gt-artmetal.com\/#organization","name":"Gael trehand","url":"https:\/\/gt-artmetal.com\/","logo":{"@type":"ImageObject","inLanguage":"fr-FR","@id":"https:\/\/gt-artmetal.com\/#\/schema\/logo\/image\/","url":"https:\/\/gt-artmetal.com\/wp-content\/uploads\/2023\/11\/Gael-2-Copie.png","contentUrl":"https:\/\/gt-artmetal.com\/wp-content\/uploads\/2023\/11\/Gael-2-Copie.png","width":307,"height":224,"caption":"Gael trehand"},"image":{"@id":"https:\/\/gt-artmetal.com\/#\/schema\/logo\/image\/"}}]}},"_links":{"self":[{"href":"https:\/\/gt-artmetal.com\/index.php\/wp-json\/wp\/v2\/pages\/1318","targetHints":{"allow":["GET"]}}],"collection":[{"href":"https:\/\/gt-artmetal.com\/index.php\/wp-json\/wp\/v2\/pages"}],"about":[{"href":"https:\/\/gt-artmetal.com\/index.php\/wp-json\/wp\/v2\/types\/page"}],"author":[{"embeddable":true,"href":"https:\/\/gt-artmetal.com\/index.php\/wp-json\/wp\/v2\/users\/1"}],"replies":[{"embeddable":true,"href":"https:\/\/gt-artmetal.com\/index.php\/wp-json\/wp\/v2\/comments?post=1318"}],"version-history":[{"count":68,"href":"https:\/\/gt-artmetal.com\/index.php\/wp-json\/wp\/v2\/pages\/1318\/revisions"}],"predecessor-version":[{"id":1595,"href":"https:\/\/gt-artmetal.com\/index.php\/wp-json\/wp\/v2\/pages\/1318\/revisions\/1595"}],"wp:attachment":[{"href":"https:\/\/gt-artmetal.com\/index.php\/wp-json\/wp\/v2\/media?parent=1318"}],"curies":[{"name":"wp","href":"https:\/\/api.w.org\/{rel}","templated":true}]}}